{"id":90,"date":"2021-03-19T11:50:52","date_gmt":"2021-03-19T10:50:52","guid":{"rendered":"http:\/\/pure.dobranalada.cz\/?page_id=90"},"modified":"2022-12-22T13:24:29","modified_gmt":"2022-12-22T12:24:29","slug":"seznam-vystavovatelu-2012","status":"publish","type":"page","link":"https:\/\/expolesnilom.cz\/en\/44-2\/predchozi-rocniky\/expo-mokra-2012\/seznam-vystavovatelu-2012\/","title":{"rendered":"List of exhibitors 2012"},"content":{"rendered":"<p>ABRASERVICE CZ s.r.o.<br>ACHENBACH-CZ,s.r.o.<br>AMG &#8211; Karel P\u00edcha, s.r.o.<br>ARTE spol. s r.o.<br>Asociace pro rozvoj a recyklace stavebn\u00edch materi\u00e1l\u016f v \u010cR<br>AT INTERNATIONAL<br>Atlas Copco s.r.o.<br>Austin Detonator s.r.o.<br>AUTO TRANS spol. s r.o.<br>AXIMA, spol s r.o.<br>bagry.cz<br>Betonserver.cz<br>Binder+co AG<br>Blatensk\u00e9 stroj\u00edrny Blatn\u00e1 s.r.o.<br>BONAP &#8211; ICCZ s.r.o.<br>Bridgestone CR<br>BVV<br>CAB minerals, s.r.o.<br>Continental Matador Rubber s.r.o.<br>COURBIS s.r.o.<br>Cummins Czech Republic s.r.o.<br>CZ WELDING s.r.o.<br>\u010cEMAT trading, spol. s r.o.<br>DELTA HL spol. s r.o.<br>Dimont HDX s.r.o.<br>dsb Innocrush \/ dsb Maschinenbau GmbH<br>DSP P\u0158EROV spol. s r.o.<br>Echidna Tech CZ s.r.o.<br>EKOfutura<br>ELKOPLAST CZ, s.r.o.<br>ENGAS s.r.o.<br>EnviWeb<br>EUROBELT, a.s.<br>EuroSITEX s.r.o.<br>FKM s.r.o.<br>FLAME Recycling Technologies s.r.o.<br>FRUTIGER CZ s.r.o.<br>Gama ocel spol. s r.o.<br>Gesteins &#8211; Perspektiven<br>Goldhofer Aktiengesellschaft<br>HAITECO CZ s.r.o.<br>HENKEL \u010cR, spol. s r.o.<br>CHEVRON CZECH REPUBLIC s.r.o.<br>I.M. SERVICE spol. s r.o.<br>INGES spol. s r.o.<br>In\u017een\u00fdrsk\u00e9 stavby<br>JAKOS, spol. s r.o.<br>JMP &#8211; Stavebn\u00ed stroje s.r.o.<br>J.P.N. Cars s.r.o.<br>K\u00e1men<br>Karel Andrle ANSA<br>KOOL TRADING spol. s r.o.<br>KSB &#8211; Pumpy + armatury s.r.o., koncern<br>KSK &#8211; BELT, a.s.<br>Kult<br>M &#8211; Technik, s.r.o.<br>MAGAZ\u00cdN STAVEBN\u00c9 STROJE A MECHANIZ\u00c1CIA<br>MAGOTTEAUX S.A.S. \/ Ing. Libor Kr\u010dek<br>MANDS INTERNATIONAL s.r.o.<br>MARRON RACING s.r.o.<br>Metso Minerals, s.r.o.<br>MOTOR &#8211; GEAR a.s.<br>ND LOR Uni\u010dov<br>NEKR SERVIS s.r.o<br>NILFISK ADVANCE s.r.o.<br>NORD-LOCK s.r.o.<br>PARTNER mb s.r.o.<br>pewag s.r.o.<br>POWERSCREEN \u010cR, s.r.o.<br>PRECIA CZ s.r.o.<br>Pro Sand Engineering s.r.o.<br>PROPNEU, s.r.o.<br>PSP ENGINEERING a.s.<br>REMA TIP TOP INCO &#8211; CZ spol. s r.o.<br>RENOMAG spol. s r.o.<br>RESTA s.r.o.<br>ROCKMORE s.r.o.<br>Rocktech s.r.o.<br>Rost Group s.r.o.<br>RUBBLE MASTER CS s.r.o.<br>Ruukki CZ s.r.o.<br>RVS Chodov, s.r.o.<br>\u0158et\u011bz\u00e1rna a.s.<br>SANDROCK, s.r.o.<br>Screen Servis s.r.o.<br>Sdru\u017een\u00ed pro v\u00fdstavbu silnic Praha<br>SEW-EURODRIVE CZ<br>SILIS &#8211; Silik\u00e1tov\u00fd svaz<br>SKF Lo\u017eiska, a.s.<br>Sl\u00e9v\u00e1rny T\u0159inec, a.s.<br>Stavebn\u00e9 hmoty<br>Stavebn\u00ed a investorsk\u00e9 noviny<br>STAVEBNI SERVER.COM<br>Stavebn\u00ed technika<br>STROJ\u00cdRNY PODZIMEK, s.r.o.<br>STZ servis a.s.<br>SUZ &#8211; WELDING, s.r.o.<br>Sv\u011bt pr\u016fmyslu<br>TAKOS s.r.o.<br>TAMTRON s.r.o.<br>TATRA, a.s.<br>TECHKON s.r.o.<br>TENZOV\u00c1HY, s.r.o.<br>Mining Union<br>TITAN GS, s.r.o.<br>Trade Review<br>TRANSROLL &#8211; CZ, a.s.<br>TRIGA-MF, spol. s r.o.<br>Uhl\u00ed Rudy Geologick\u00fd pr\u016fzkum<br>UNIONOCEL, s.r.o.<br>UNIPOWER CZECH s.r.o.<br>VIBROS s.r.o.<br>VLADYKA<br>Vomet s.r.o.<br>VS &#8211; MONT, s.r.o.<br>VVV MOST spol. s r.o.<br>Weir Minerals Czech &amp; Slovak, organiza\u010dn\u00ed slo\u017eka<br>WINFA s.r.o.<br>ZAM-SERVIS s.r.o.<br>Zdru\u017eenie ban\u00edckych spolkov a cechov<\/p>","protected":false},"excerpt":{"rendered":"<p>ABRASERVICE CZ s.r.o.ACHENBACH-CZ,s.r.o.AMG &#8211; Karel P\u00edcha, s.r.o.ARTE spol. s r.o.Asociace pro rozvoj a recyklace stavebn\u00edch materi\u00e1l\u016f v \u010cRAT INTERNATIONALAtlas Copco s.r.o.Austin Detonator s.r.o.AUTO TRANS spol. s r.o.AXIMA, spol s r.o.bagry.czBetonserver.czBinder+co AGBlatensk\u00e9 stroj\u00edrny Blatn\u00e1 s.r.o.BONAP &#8211; ICCZ s.r.o.Bridgestone CRBVVCAB minerals, s.r.o.Continental Matador Rubber s.r.o.COURBIS s.r.o.Cummins Czech Republic s.r.o.CZ WELDING s.r.o.\u010cEMAT trading, spol. s r.o.DELTA HL spol. [&hellip;]<\/p>","protected":false},"author":1,"featured_media":0,"parent":88,"menu_order":0,"comment_status":"closed","ping_status":"closed","template":"page-templates\/no-sidebar.php","meta":{"footnotes":""},"class_list":["post-90","page","type-page","status-publish","hentry"],"_links":{"self":[{"href":"https:\/\/expolesnilom.cz\/en\/wp-json\/wp\/v2\/pages\/90","targetHints":{"allow":["GET"]}}],"collection":[{"href":"https:\/\/expolesnilom.cz\/en\/wp-json\/wp\/v2\/pages"}],"about":[{"href":"https:\/\/expolesnilom.cz\/en\/wp-json\/wp\/v2\/types\/page"}],"author":[{"embeddable":true,"href":"https:\/\/expolesnilom.cz\/en\/wp-json\/wp\/v2\/users\/1"}],"replies":[{"embeddable":true,"href":"https:\/\/expolesnilom.cz\/en\/wp-json\/wp\/v2\/comments?post=90"}],"version-history":[{"count":1,"href":"https:\/\/expolesnilom.cz\/en\/wp-json\/wp\/v2\/pages\/90\/revisions"}],"predecessor-version":[{"id":91,"href":"https:\/\/expolesnilom.cz\/en\/wp-json\/wp\/v2\/pages\/90\/revisions\/91"}],"up":[{"embeddable":true,"href":"https:\/\/expolesnilom.cz\/en\/wp-json\/wp\/v2\/pages\/88"}],"wp:attachment":[{"href":"https:\/\/expolesnilom.cz\/en\/wp-json\/wp\/v2\/media?parent=90"}],"curies":[{"name":"wp","href":"https:\/\/api.w.org\/{rel}","templated":true}]}}