{"id":86,"date":"2021-03-19T11:47:20","date_gmt":"2021-03-19T10:47:20","guid":{"rendered":"http:\/\/pure.dobranalada.cz\/?page_id=86"},"modified":"2022-12-22T13:24:36","modified_gmt":"2022-12-22T12:24:36","slug":"seznam-vystavovatelu-2014","status":"publish","type":"page","link":"https:\/\/expolesnilom.cz\/en\/44-2\/predchozi-rocniky\/expo-mokra-2014\/seznam-vystavovatelu-2014\/","title":{"rendered":"Listo of exhibitors 2014"},"content":{"rendered":"<p>ABRASERVICE CZ s.r.o.<br>ACHENBACH-CZ, s.r.o.<br>AMG &#8211; Karel P\u00edcha, s.r.o.<br>Asociace pro rozvoj a recyklace staveb.mater. V \u010cR<br>ASP GROUP s.r.o.<br>Atlas Copco, s.r.o.<br>AUSTRO Baumaschinen s.r.o.<br>AUTO TRANS spol. s r.o.<br>Bagry.cz<br>BETONSERVER<br>binder+co AG<br>Blatensk\u00e9 stroj\u00edrny Blatn\u00e1 s.r.o.<br>Bonap &#8211; ICCZ s.r.o.<br>Bridgestone CZ, s.r.o.<br>CAB minerals, s.r.o.<br>CMP Trade, s.r.o.<br>CMS Cepcor<br>CMS servis CZ s.r.o.<br>Continental Matador Rubber, s.r.o<br>CREA Hydro&amp;Energy, o.s.<br>\u010cEMAT trading, spol.s.r.o.<br>\u010cesk\u00e1 pr\u016fmyslov\u00e1 a obchodn\u00ed spole\u010dnost<br>DAVON, s.r.o.<br>DELTA HL spol.s.r.o.<br>DEMEX<br>Dimont HDX s.r.o.<br>DSK INVEST s.r.o.<br>DSP P\u0159erov, spol. s r.o.<br>DUBA DOPRAVN\u00cd P\u00c1SY<br>EBK ERET BERNARD, s.r.o<br>Echidna Tech CZ s.r.o.<br>EnviWeb s.r.o.<br>Euro SITEX s.r.o.<br>EUROBELT a.s.<br>FINLAY CZ spol. s r.o.<br>FUCHS OIL Corporation CZ, spol. s r.o.<br>Gama ocel spol. s r.o.<br>GESTEIN PERSPEKTIVEN<br>Gonar-BIS Sp. z o.o.<br>Haiteco cz s.r.o.<br>HARTL DRTI\u010cE+T\u0158\u00cdDI\u010cE s.r.o.<br>HEICO Czech s.r.o.<br>HENKEL \u010cR ,spol.s.r.o.<br>I.M. service, spol. s r.o.<br>INFRASENZOR s.r.o.<br>In\u017einierske stavby<br>ISENMANN CZECH s.r.o.<br>J.P.N. Cars s.r.o.<br>JAKOS spol.s.r.o.<br>KAUCHUK AD<br>Kl\u00fcber Lubrication CZ, s.r.o.<br>KOOL Trading, spol.s.r.o.<br>KSK &#8211; BELT, a.s.<br>kult.<br>Lentimex spol. s.r.o.<br>Lomy a t\u011b\u017eba<br>M-TECHNIK, s.r.o.<br>MAGAZ\u00cdN Stavebn\u00e9 stroje a mechaniz\u00e1cia<br>MAGOTTEAUX<br>MANDS International s.r.o.<br>Messer Eutectic Castolin spol.s.r.o.<br>METALPORT, s.r.o.<br>Metso Minerals, s.r.o.<br>Miner\u00e1ln\u00ed Suroviny<br>MITAS, a.s.<br>MOTOR &#8211; GEAR a.s.<br>Nach\u00e1zel, s.r.o.<br>NEKR SERVIS s.r.o.<br>NCH Czechoslovakia spol. s r.o.<br>Noka AC s.r.o.<br>pewag s.r.o.<br>Phoenix-Zeppelin<br>PKS servis spol. s r.o.<br>POWERSCREEN \u010cR s.r.o.<br>Pro Sand Engineering s.r.o<br>PROGRESS &#8211; MORAVIA, s.r.o.<br>PROPNEU,s.r.o.<br>PSP Engineering a.s.<br>REMA TIP TOP INCO &#8211; CZ spol. s r.o.<br>RENOMAG spol.s.r.o.<br>RESTA s.r.o.<br>ROCKMORE s.r.o.<br>Rocktech, s.r.o.<br>ROST Group s.r.o.<br>RUBBLE MASTER CS s.r.o.<br>RUUKKI CZ s.r.o.<br>RVS Chodov, s.r.o.<br>\u0158et\u011bz\u00e1rna a.s.<br>SANDROCK, s.r.o.<br>Sandvik Mining Systems<br>SCREEN SERVIS spol. s r.o.<br>Sdru\u017een\u00ed pro v\u00fdstavbu silnic Praha<br>SEW- EURODRIVE CZ,s.r.o.<br>Sl\u00e9v\u00e1rny T\u0159inec, a.s.<br>Slovensk\u00e9 Zdru\u017eenie V\u00fdrobcov Kameniva<br>STAVEBN\u00cd NOVINY<br>Stavebn\u00ed technika<br>STAVEBNISERVER.com<br>STAVOPLAST KL spol s.r.o.<br>Stroj\u00edrny Podzimek, s.r.o.<br>STZ &#8211; servis a.s.<br>SUZ &#8211; welding, s.r.o.<br>TAMTRON s.r.o.<br>TATRA TRUCKS a.s.<br>TECHKON s.r.o.<br>TechniFog s.r.o.<br>TENZOV\u00c1HY, s.r.o.<br>TIMKEN POLSKA Sp. z o.o., zastoupen\u00ed v \u010cR, org. slo\u017eka<br>TRADE NEWS<br>TRANSROLL &#8211; CZ, a.s.<br>TRIGA &#8211; MF spol.s.r.o.<br>UHL\u00cd, RUDY, geologick\u00fd pr\u016fzkum<br>UNION OCEL s.r.o.<br>UpVision<br>V.O.\u010c. Slovakia s.r.o.<br>VOMET, spol. s r.o.<br>VVV Most spol.s.r.o.<br>VWS MEMSEP s.r.o.<br>Vysok\u00e1 \u0161kola b\u00e1\u0148sk\u00e1<br>Weir minerals Czech &amp; Slovak,org.slo\u017eka<br>Winfa s.r.o<br>XCENTRIC Ripper &#8211; KUHN BOHEMIA a.s.<br>ZAM- SERVIS s.r.o.<br>Zdru\u017eenie ban\u00edckych spolkov a cechov Slovenska<\/p>","protected":false},"excerpt":{"rendered":"<p>ABRASERVICE CZ s.r.o.ACHENBACH-CZ, s.r.o.AMG &#8211; Karel P\u00edcha, s.r.o.Asociace pro rozvoj a recyklace staveb.mater. V \u010cRASP GROUP s.r.o.Atlas Copco, s.r.o.AUSTRO Baumaschinen s.r.o.AUTO TRANS spol. s r.o.Bagry.czBETONSERVERbinder+co AGBlatensk\u00e9 stroj\u00edrny Blatn\u00e1 s.r.o.Bonap &#8211; ICCZ s.r.o.Bridgestone CZ, s.r.o.CAB minerals, s.r.o.CMP Trade, s.r.o.CMS CepcorCMS servis CZ s.r.o.Continental Matador Rubber, s.r.oCREA Hydro&amp;Energy, o.s.\u010cEMAT trading, spol.s.r.o.\u010cesk\u00e1 pr\u016fmyslov\u00e1 a obchodn\u00ed spole\u010dnostDAVON, s.r.o.DELTA HL [&hellip;]<\/p>","protected":false},"author":1,"featured_media":0,"parent":84,"menu_order":0,"comment_status":"closed","ping_status":"closed","template":"page-templates\/no-sidebar.php","meta":{"footnotes":""},"class_list":["post-86","page","type-page","status-publish","hentry"],"_links":{"self":[{"href":"https:\/\/expolesnilom.cz\/en\/wp-json\/wp\/v2\/pages\/86","targetHints":{"allow":["GET"]}}],"collection":[{"href":"https:\/\/expolesnilom.cz\/en\/wp-json\/wp\/v2\/pages"}],"about":[{"href":"https:\/\/expolesnilom.cz\/en\/wp-json\/wp\/v2\/types\/page"}],"author":[{"embeddable":true,"href":"https:\/\/expolesnilom.cz\/en\/wp-json\/wp\/v2\/users\/1"}],"replies":[{"embeddable":true,"href":"https:\/\/expolesnilom.cz\/en\/wp-json\/wp\/v2\/comments?post=86"}],"version-history":[{"count":1,"href":"https:\/\/expolesnilom.cz\/en\/wp-json\/wp\/v2\/pages\/86\/revisions"}],"predecessor-version":[{"id":87,"href":"https:\/\/expolesnilom.cz\/en\/wp-json\/wp\/v2\/pages\/86\/revisions\/87"}],"up":[{"embeddable":true,"href":"https:\/\/expolesnilom.cz\/en\/wp-json\/wp\/v2\/pages\/84"}],"wp:attachment":[{"href":"https:\/\/expolesnilom.cz\/en\/wp-json\/wp\/v2\/media?parent=86"}],"curies":[{"name":"wp","href":"https:\/\/api.w.org\/{rel}","templated":true}]}}