{"id":72,"date":"2021-03-19T11:39:44","date_gmt":"2021-03-19T10:39:44","guid":{"rendered":"http:\/\/pure.dobranalada.cz\/?page_id=72"},"modified":"2022-12-22T13:24:46","modified_gmt":"2022-12-22T12:24:46","slug":"veletrh-expo-lesni-lom-2018-navrat-do-etazoveho-lomu-se-vydaril","status":"publish","type":"page","link":"https:\/\/expolesnilom.cz\/en\/44-2\/predchozi-rocniky\/veletrh-expo-lesni-lom-2018-navrat-do-etazoveho-lomu-se-vydaril\/","title":{"rendered":"EXPO Lesn\u00ed Lom 2018 \u2013 The Return to Multi-Bench Quarry: Success!"},"content":{"rendered":"<p>On June 19, after a laps of 16 years, the limestone quarry at Brno-L\u00ed\u0161e\u0148, owned by Kalcit, once again welcomed Czech and foreign mining experts who came to present the industry\u2019s latest techniques and technology. This day saw the opening of the 12th year of the international demonstration exhibition of machinery and equipment for mining, mineral processing, and construction organized by the Mining Union.<\/p>\n\n\n\n<p>The fair covered all the specific phases of mineral processing and the following equipment, methods, services, and specialized companies were presented: drilling kits, demolition hammers, compressors, power generators; excavators, loaders; dumpers, crushers, screeners, feeders, conveyor belts, sensors, scales; crushing and sorting assemblies, separators; noise isolation, conveyor belt covers, dust removal, aspiration, pollutant identification; tires, chains, oils, refurbished machine parts; geological and surveying companies, aerial photography, remediation and reclamation, blasting, design work, consultancy, specialist magazines, schools, and unions.<\/p>\n\n\n\n<p>We are happy to conclude that the return to the multi-bench quarry was a delightful surprise for all parties involved. This space proved to be a unique venue for the fair thanks to the three benches available, the lowest of which provided a compact site for exhibitors. The atmosphere was reminiscent of a vibrant small town. There were exhibitions, new contracts concluded, and peace and quiet.<\/p>\n\n\n\n<p>The second bench provided space to the largest demo show ever presented at EXPO fairs. A host of crushers and sorters were in operation, along with track excavators, drilling assemblies, loaders, demolition hammers, weighing equipment, rotary rock router, wheel excavator, and much more equipment. Included was the traditional presentation of imaging technology: visitors tried their hand at drones and became pilots in the process.<\/p>\n\n\n\n<p>Finally, visitors explored the third and highest bench in off-road vehicles by and Tatra and Ford\u2014 a popular fair pastime. The route\u2019s uneven terrain made it a challenge but the reward came when breath-taking view of the entire quarry opened before their eyes.<\/p>\n\n\n\n<p>For 134 companies from the Czech Republic and abroad - England, Italy, Germany, Austria, France, Belgium, Poland, USA and Slovakia, an area with several dumps with an area of more than 50,000 m2 was prepared for the presentation of machines used mainly in quarries - excavators, excavators. , loaders, sorters and more, for the demonstration of trucks another area of 10 thousand m\u00b2.<\/p>\n\n\n\n<p>During the three days of the fair, EXPO saw more than 10,000 visitors mostly from the Czech Republic and Slovakia apart from other guests from other EU countries, Russia, Ukraine, USA, and Canada arrived.<\/p>\n\n\n\n<p>The weather was so clear and hot that the sprinkler truck was in action during the entire fair producing mist and cooling the fairgrounds. Exhibitors were highly enthusiastic about the event and expressed their wish to participate in the upcoming 13th year of EXPO scheduled for June 2020.<\/p>\n\n\n\n<p>The fair\u2019s success is largely supported by 25 media partners in the Czech Republic and abroad, including magazines, interest associations, and web servers. The Mining Union, the fair organizer, is very pleased that the EXPO Lesn\u00ed Lom took place under the auspices of Ing. Martin \u0160temberka, Chairman of the Czech Mining Authority, Ing.Tom\u00e1\u0161 H\u00fcner, Minister of Industry and Trade, prof. Ing. Ivo Vondr\u00e1k CSc., Regional Council President for Moravia-Silesia, and Ing. Petr H\u00fdbler, member of the Council of the South-Moravian Region.<\/p>","protected":false},"excerpt":{"rendered":"<p>V\u00e1pencov\u00fd kamenolom v&nbsp;Brn\u011b L\u00ed\u0161ni spole\u010dnosti Kalcit s.r.o., se&nbsp;19.&nbsp;\u010dervna po&nbsp;16-ti letech op\u011bt prom\u011bnil v&nbsp;m\u00edsto, kam se&nbsp;sjeli odborn\u00edci t\u011b\u017eebn\u00edho pr\u016fmyslu nejen z&nbsp;\u010cesk\u00e9 republiky, ale i&nbsp;ze&nbsp;zahrani\u010d\u00ed, aby&nbsp;p\u0159edvedli sv\u00e9 novinky. V&nbsp;tento den T\u011b\u017eebn\u00ed unie zah\u00e1jila ji\u017e 12. ro\u010dn\u00edk Mezin\u00e1rodn\u00edho demonstra\u010dn\u00edho veletrhu stroj\u016f a&nbsp;za\u0159\u00edzen\u00ed pro&nbsp;t\u011b\u017eebn\u00ed pr\u016fmysl, \u00fapravnick\u00fd pr\u016fmysl a&nbsp;stavebnictv\u00ed. Oborov\u00e9 \u010dlen\u011bn\u00ed veletrhu pokr\u00fdv\u00e1 proces zpracov\u00e1n\u00ed surovin od&nbsp;za\u010d\u00e1tku a\u017e do&nbsp;konce: vrtac\u00ed [&hellip;]<\/p>","protected":false},"author":1,"featured_media":0,"parent":70,"menu_order":0,"comment_status":"closed","ping_status":"closed","template":"page-templates\/no-sidebar.php","meta":{"footnotes":""},"class_list":["post-72","page","type-page","status-publish","hentry"],"_links":{"self":[{"href":"https:\/\/expolesnilom.cz\/en\/wp-json\/wp\/v2\/pages\/72","targetHints":{"allow":["GET"]}}],"collection":[{"href":"https:\/\/expolesnilom.cz\/en\/wp-json\/wp\/v2\/pages"}],"about":[{"href":"https:\/\/expolesnilom.cz\/en\/wp-json\/wp\/v2\/types\/page"}],"author":[{"embeddable":true,"href":"https:\/\/expolesnilom.cz\/en\/wp-json\/wp\/v2\/users\/1"}],"replies":[{"embeddable":true,"href":"https:\/\/expolesnilom.cz\/en\/wp-json\/wp\/v2\/comments?post=72"}],"version-history":[{"count":1,"href":"https:\/\/expolesnilom.cz\/en\/wp-json\/wp\/v2\/pages\/72\/revisions"}],"predecessor-version":[{"id":73,"href":"https:\/\/expolesnilom.cz\/en\/wp-json\/wp\/v2\/pages\/72\/revisions\/73"}],"up":[{"embeddable":true,"href":"https:\/\/expolesnilom.cz\/en\/wp-json\/wp\/v2\/pages\/70"}],"wp:attachment":[{"href":"https:\/\/expolesnilom.cz\/en\/wp-json\/wp\/v2\/media?parent=72"}],"curies":[{"name":"wp","href":"https:\/\/api.w.org\/{rel}","templated":true}]}}