{"id":66,"date":"2021-03-19T11:36:52","date_gmt":"2021-03-19T10:36:52","guid":{"rendered":"http:\/\/pure.dobranalada.cz\/?page_id=66"},"modified":"2024-01-03T12:39:02","modified_gmt":"2024-01-03T11:39:02","slug":"seznam-vystavovatelu","status":"publish","type":"page","link":"https:\/\/expolesnilom.cz\/en\/44-2\/seznam-vystavovatelu\/","title":{"rendered":"List of exhibitors 2023"},"content":{"rendered":"<p><a href=\"https:\/\/online.fliphtml5.com\/rqwyh\/mbuv\/#p=1\" target=\"_blank\" rel=\"noreferrer noopener\">Catalogue of exhibitors<\/a><\/p>\n\n\n\n<p>AGROTEC servis s.r.o.<\/p>\n\n\n\n<p>AUSTRO Baumaschinen, s.r.o.<\/p>\n\n\n\n<p>Binder+Co AG<\/p>\n\n\n\n<p>BL.AM.EX. s.r.o.<\/p>\n\n\n\n<p>Blatensk\u00e9 stroj\u00edrny Blatn\u00e1 s.r.o.<\/p>\n\n\n\n<p>Bohnenkamp s.r.o.<\/p>\n\n\n\n<p>BONAP &#8211; ICCZ s.r.o.<\/p>\n\n\n\n<p>CAB minerals, s.r.o.<\/p>\n\n\n\n<p>CIME, s.r.o.<\/p>\n\n\n\n<p>Cummins Czech Republic s.r.o.<\/p>\n\n\n\n<p>\u010cEMAT trading, spol. s r.o.<\/p>\n\n\n\n<p>DEMTEC service s.r.o.<\/p>\n\n\n\n<p>DIMONT HDX s.r.o.<\/p>\n\n\n\n<p>DSP P\u0159erov, spol. s r.o.<\/p>\n\n\n\n<p>DUBA &#8211; DP s.r.o.<\/p>\n\n\n\n<p>Euro SITEX s.r.o.<\/p>\n\n\n\n<p>F-moto.cz<\/p>\n\n\n\n<p>GAMA OCEL, spol. s r.o.<\/p>\n\n\n\n<p>GARNEA a.s.<\/p>\n\n\n\n<p>GRANIT PARTS k.s.<\/p>\n\n\n\n<p>HEICO Czech s.r.o.<\/p>\n\n\n\n<p>HEMAK, s.r.o.<\/p>\n\n\n\n<p>HO\u0160EK Trade s.r.o.<\/p>\n\n\n\n<p>INDUSTRIAL MOTORS s.r.o.<\/p>\n\n\n\n<p>INJECT s.r.o.<\/p>\n\n\n\n<p>ISENMANN CZECH s.r.o.<\/p>\n\n\n\n<p>KAMENOLOMY \u010cR s.r.o.<\/p>\n\n\n\n<p>KOOL Trading, spol. s r.o.<\/p>\n\n\n\n<p>KOPALMAT MARCIN BAKA<\/p>\n\n\n\n<p>Lubaz sp. z o.o. sp.k.<\/p>\n\n\n\n<p>MANDS International s.r.o.<\/p>\n\n\n\n<p>Miilux Poland Sp. z o.o.<\/p>\n\n\n\n<p>MOTOR-GEAR a.s.<\/p>\n\n\n\n<p>NORD &#8211; Poh\u00e1n\u011bc\u00ed technika, s.r.o.<\/p>\n\n\n\n<p>Ochrana \u017eivotn\u00edho prost\u0159ed\u00ed, s.r.o.<\/p>\n\n\n\n<p>OSTROJ a.s.<\/p>\n\n\n\n<p>pewag Czech s.r.o.<\/p>\n\n\n\n<p>PKS servis spol. s r.o.<\/p>\n\n\n\n<p>Pro Sand Engineering s.r.o.<\/p>\n\n\n\n<p>PROPNEU, s.r.o.<\/p>\n\n\n\n<p>PSP Engineering a.s.<\/p>\n\n\n\n<p>reca spol. s r.o.<\/p>\n\n\n\n<p>RENOMAG spol. s r.o.<\/p>\n\n\n\n<p>RESTA s.r.o.<\/p>\n\n\n\n<p>RVS Chodov, s.r.o.<\/p>\n\n\n\n<p>\u0158et\u011bz\u00e1rna a.s.<\/p>\n\n\n\n<p>Screen servis spol. s r.o.<\/p>\n\n\n\n<p>SEW-EURODRIVE CZ s.r.o.<\/p>\n\n\n\n<p>Stroj\u00edrny Podzimek, s.r.o.<\/p>\n\n\n\n<p>TAMTRON s.r.o.<\/p>\n\n\n\n<p>TECHKON, s.r.o.<\/p>\n\n\n\n<p>TEZANA Sp. z o.o.<\/p>\n\n\n\n<p>TotalEnergies Marketing \u010cesk\u00e1 republika s.r.o.<\/p>\n\n\n\n<p>TRANSROLL &#8211; CZ, a.s.<\/p>\n\n\n\n<p>UnionOcel, s.r.o.<\/p>\n\n\n\n<p>VAHY PRO, s.r.o.<\/p>\n\n\n\n<p>VOMET, spol. s r.o.<\/p>\n\n\n\n<p>VVV MOST spol. s r.o.<\/p>\n\n\n\n<p>Vysok\u00e1 \u0161kola b\u00e1\u0148sk\u00e1 \u2013 Technick\u00e1 univerzita Ostrava<\/p>\n\n\n\n<p>Weir Minerals Czech &amp; Slovak, s.r.o.<\/p>\n\n\n\n<p>WINFA, s.r.o.<\/p>\n\n\n\n<p><\/p>\n\n\n\n<p><br><\/p>\n\n\n\n<p><mark style=\"background-color:rgba(0, 0, 0, 0)\" class=\"has-inline-color has-black-color\">The list of exhibitors is continuously updated.<\/mark><\/p>","protected":false},"excerpt":{"rendered":"<p>Katalog vystavovatel\u016f AGROTEC servis s.r.o. AUSTRO Baumaschinen, s.r.o. Binder+Co AG BL.AM.EX. s.r.o. Blatensk\u00e9 stroj\u00edrny Blatn\u00e1 s.r.o. Bohnenkamp s.r.o. BONAP &#8211; ICCZ s.r.o. CAB minerals, s.r.o. CIME, s.r.o. Cummins Czech Republic s.r.o. \u010cEMAT trading, spol. s r.o. DEMTEC service s.r.o. DIMONT HDX s.r.o. DSP P\u0159erov, spol. s r.o. DUBA &#8211; DP s.r.o. Euro SITEX s.r.o. F-moto.cz [&hellip;]<\/p>","protected":false},"author":1,"featured_media":0,"parent":44,"menu_order":0,"comment_status":"closed","ping_status":"closed","template":"page-templates\/no-sidebar.php","meta":{"footnotes":""},"class_list":["post-66","page","type-page","status-publish","hentry"],"_links":{"self":[{"href":"https:\/\/expolesnilom.cz\/en\/wp-json\/wp\/v2\/pages\/66","targetHints":{"allow":["GET"]}}],"collection":[{"href":"https:\/\/expolesnilom.cz\/en\/wp-json\/wp\/v2\/pages"}],"about":[{"href":"https:\/\/expolesnilom.cz\/en\/wp-json\/wp\/v2\/types\/page"}],"author":[{"embeddable":true,"href":"https:\/\/expolesnilom.cz\/en\/wp-json\/wp\/v2\/users\/1"}],"replies":[{"embeddable":true,"href":"https:\/\/expolesnilom.cz\/en\/wp-json\/wp\/v2\/comments?post=66"}],"version-history":[{"count":46,"href":"https:\/\/expolesnilom.cz\/en\/wp-json\/wp\/v2\/pages\/66\/revisions"}],"predecessor-version":[{"id":1036,"href":"https:\/\/expolesnilom.cz\/en\/wp-json\/wp\/v2\/pages\/66\/revisions\/1036"}],"up":[{"embeddable":true,"href":"https:\/\/expolesnilom.cz\/en\/wp-json\/wp\/v2\/pages\/44"}],"wp:attachment":[{"href":"https:\/\/expolesnilom.cz\/en\/wp-json\/wp\/v2\/media?parent=66"}],"curies":[{"name":"wp","href":"https:\/\/api.w.org\/{rel}","templated":true}]}}