{"id":60,"date":"2021-03-19T11:29:47","date_gmt":"2021-03-19T10:29:47","guid":{"rendered":"http:\/\/pure.dobranalada.cz\/?page_id=60"},"modified":"2024-10-16T14:58:58","modified_gmt":"2024-10-16T12:58:58","slug":"kontakty","status":"publish","type":"page","link":"https:\/\/expolesnilom.cz\/en\/44-2\/kontakty\/","title":{"rendered":"Contact"},"content":{"rendered":"<h4 class=\"wp-block-heading\">Event organizer:<\/h4>\n\n\n\n<p><strong>T\u011b\u017eebn\u00ed unie s.r.o.<\/strong><\/p>\n\n\n\n<ul class=\"wp-block-list\">\n<li>I\u010c: 25573039 (Organization identification code)<\/li>\n\n\n\n<li>Bank connection: Komer\u010dn\u00ed banka, a. s.<\/li>\n\n\n\n<li>Account no.: 27-503640237\/0100<\/li>\n\n\n\n<li>Account number (payments in EUR): 27-7187770217\/0100<\/li>\n\n\n\n<li>IBAN: CZ8201000000277187770217, SWIFT: KOMBCZPPXXX<\/li>\n<\/ul>\n\n\n\n<div class=\"wp-block-group\"><div class=\"wp-block-group__inner-container is-layout-constrained wp-block-group-is-layout-constrained\">\n<p>Registered office (not mailing address):<\/p>\n\n\n\n<p>Slav\u00ed\u010dkova 827\/1a<br>638 00 Brno-Lesn\u00e1<br><a href=\"http:\/\/www.tezebni-unie.cz\/\" target=\"_blank\" rel=\"noreferrer noopener\">www.tezebni-unie.cz<\/a><\/p>\n\n\n\n<p>E-mail: <a href=\"mailto:unie@tezebni-unie.cz\" target=\"_blank\" rel=\"noreferrer noopener\">unie@tezebni-unie.cz<\/a><\/p>\n\n\n\n<p><\/p>\n<\/div><\/div>\n\n\n\n<h4 class=\"wp-block-heading\"><br><\/h4>\n\n\n\n<p><\/p>","protected":false},"excerpt":{"rendered":"<p>Po\u0159adatel: T\u011b\u017eebn\u00ed unie s.r.o. S\u00eddlo (nen\u00ed koresponden\u010dn\u00ed adresa): Slav\u00ed\u010dkova 827\/1a638 00 Brno-Lesn\u00e1www.tezebni-unie.cz E-mail: unie@tezebni-unie.cz<\/p>","protected":false},"author":1,"featured_media":0,"parent":44,"menu_order":0,"comment_status":"closed","ping_status":"closed","template":"page-templates\/no-sidebar.php","meta":{"footnotes":""},"class_list":["post-60","page","type-page","status-publish","hentry"],"_links":{"self":[{"href":"https:\/\/expolesnilom.cz\/en\/wp-json\/wp\/v2\/pages\/60","targetHints":{"allow":["GET"]}}],"collection":[{"href":"https:\/\/expolesnilom.cz\/en\/wp-json\/wp\/v2\/pages"}],"about":[{"href":"https:\/\/expolesnilom.cz\/en\/wp-json\/wp\/v2\/types\/page"}],"author":[{"embeddable":true,"href":"https:\/\/expolesnilom.cz\/en\/wp-json\/wp\/v2\/users\/1"}],"replies":[{"embeddable":true,"href":"https:\/\/expolesnilom.cz\/en\/wp-json\/wp\/v2\/comments?post=60"}],"version-history":[{"count":28,"href":"https:\/\/expolesnilom.cz\/en\/wp-json\/wp\/v2\/pages\/60\/revisions"}],"predecessor-version":[{"id":1045,"href":"https:\/\/expolesnilom.cz\/en\/wp-json\/wp\/v2\/pages\/60\/revisions\/1045"}],"up":[{"embeddable":true,"href":"https:\/\/expolesnilom.cz\/en\/wp-json\/wp\/v2\/pages\/44"}],"wp:attachment":[{"href":"https:\/\/expolesnilom.cz\/en\/wp-json\/wp\/v2\/media?parent=60"}],"curies":[{"name":"wp","href":"https:\/\/api.w.org\/{rel}","templated":true}]}}