{"id":44,"date":"2021-03-19T11:14:20","date_gmt":"2021-03-19T10:14:20","guid":{"rendered":"http:\/\/pure.dobranalada.cz\/?page_id=44"},"modified":"2024-01-03T09:54:19","modified_gmt":"2024-01-03T08:54:19","slug":"44-2","status":"publish","type":"page","link":"https:\/\/expolesnilom.cz\/en\/","title":{"rendered":"13th International Demonstration Fair of Machines and Equipment for the Mining Industry, Processing Industry and Construction"},"content":{"rendered":"<figure class=\"wp-block-video\"><video height=\"1080\" style=\"aspect-ratio: 1920 \/ 1080;\" width=\"1920\" controls src=\"https:\/\/expolesnilom.cz\/wp-content\/uploads\/2023\/06\/AFTERMOVIE-EXPO-Lesni-lom-2023.mp4\"><\/video><\/figure>\n\n\n<\/p>\n<h3>\u00a0<\/h3>\n\n\n<h1 class=\"wp-block-heading has-text-align-center\" style=\"font-size:28px\"><strong><mark style=\"background-color:rgba(0, 0, 0, 0);color:#ff0000\" class=\"has-inline-color\">Main partner of the 13th year:<\/mark><\/strong><\/h1>\n\n\n\n<div class=\"wp-block-columns is-layout-flex wp-container-core-columns-is-layout-9d6595d7 wp-block-columns-is-layout-flex\">\n<div class=\"wp-block-column is-vertically-aligned-center is-layout-flow wp-block-column-is-layout-flow\" style=\"flex-basis:33.33%\">\n<p><\/p>\n<\/div>\n\n\n\n<div class=\"wp-block-column is-vertically-aligned-center is-layout-flow wp-block-column-is-layout-flow\" style=\"flex-basis:33.33%\"><div class=\"wp-block-image\">\n<figure class=\"aligncenter size-full\"><a href=\"https:\/\/totalenergies.cz\/\" target=\"_blank\" rel=\"noreferrer noopener\"><img loading=\"lazy\" decoding=\"async\" width=\"850\" height=\"640\" src=\"https:\/\/expolesnilom.cz\/wp-content\/uploads\/2023\/04\/TotalEnergies_Logo_web.jpg\" alt=\"\" class=\"wp-image-744\" srcset=\"https:\/\/expolesnilom.cz\/wp-content\/uploads\/2023\/04\/TotalEnergies_Logo_web.jpg 850w, https:\/\/expolesnilom.cz\/wp-content\/uploads\/2023\/04\/TotalEnergies_Logo_web-300x226.jpg 300w, https:\/\/expolesnilom.cz\/wp-content\/uploads\/2023\/04\/TotalEnergies_Logo_web-768x578.jpg 768w, https:\/\/expolesnilom.cz\/wp-content\/uploads\/2023\/04\/TotalEnergies_Logo_web-16x12.jpg 16w\" sizes=\"auto, (max-width: 850px) 100vw, 850px\" \/><\/a><\/figure>\n<\/div>\n\n\n<p><\/p>\n<\/div>\n<\/div>\n\n\n\n<h1 class=\"wp-block-heading has-text-align-center\" style=\"font-size:22px\"><strong>Fair partners:<\/strong><br><\/h1>\n\n\n\n<div class=\"wp-block-group\"><div class=\"wp-block-group__inner-container is-layout-constrained wp-block-group-is-layout-constrained\">\n<div class=\"wp-block-columns is-layout-flex wp-container-core-columns-is-layout-9d6595d7 wp-block-columns-is-layout-flex\">\n<div class=\"wp-block-column is-vertically-aligned-center is-layout-flow wp-block-column-is-layout-flow\" style=\"flex-basis:33.33%\">\n<p><\/p>\n<\/div>\n\n\n\n<div class=\"wp-block-column is-vertically-aligned-center is-layout-flow wp-block-column-is-layout-flow\" style=\"flex-basis:33.33%\"><div class=\"wp-block-image\">\n<figure class=\"aligncenter size-full is-resized\"><a href=\"https:\/\/www.bvv.cz\/\" target=\"_blank\" rel=\"noreferrer noopener\"><img loading=\"lazy\" decoding=\"async\" width=\"500\" height=\"500\" src=\"https:\/\/expolesnilom.cz\/wp-content\/uploads\/2022\/12\/bvv_logo.jpg\" alt=\"\" class=\"wp-image-458\" style=\"width:150px;height:150px\" srcset=\"https:\/\/expolesnilom.cz\/wp-content\/uploads\/2022\/12\/bvv_logo.jpg 500w, https:\/\/expolesnilom.cz\/wp-content\/uploads\/2022\/12\/bvv_logo-300x300.jpg 300w, https:\/\/expolesnilom.cz\/wp-content\/uploads\/2022\/12\/bvv_logo-150x150.jpg 150w, https:\/\/expolesnilom.cz\/wp-content\/uploads\/2022\/12\/bvv_logo-12x12.jpg 12w, https:\/\/expolesnilom.cz\/wp-content\/uploads\/2022\/12\/bvv_logo-70x70.jpg 70w, https:\/\/expolesnilom.cz\/wp-content\/uploads\/2022\/12\/bvv_logo-127x127.jpg 127w, https:\/\/expolesnilom.cz\/wp-content\/uploads\/2022\/12\/bvv_logo-476x476.jpg 476w, https:\/\/expolesnilom.cz\/wp-content\/uploads\/2022\/12\/bvv_logo-125x125.jpg 125w\" sizes=\"auto, (max-width: 500px) 100vw, 500px\" \/><\/a><\/figure>\n<\/div>\n\n\n<p><br><\/p>\n\n\n<div class=\"wp-block-image\">\n<figure class=\"aligncenter size-full is-resized\"><a href=\"http:\/\/www.kalcit.eu\/home\/page\" target=\"_blank\" rel=\"noreferrer noopener\"><img loading=\"lazy\" decoding=\"async\" width=\"564\" height=\"131\" src=\"https:\/\/expolesnilom.cz\/wp-content\/uploads\/2021\/03\/logoxl_Kalcit.png\" alt=\"\" class=\"wp-image-45\" style=\"width:429px;height:99px\" srcset=\"https:\/\/expolesnilom.cz\/wp-content\/uploads\/2021\/03\/logoxl_Kalcit.png 564w, https:\/\/expolesnilom.cz\/wp-content\/uploads\/2021\/03\/logoxl_Kalcit-300x70.png 300w\" sizes=\"auto, (max-width: 564px) 100vw, 564px\" \/><\/a><\/figure>\n<\/div><\/div>\n<\/div>\n<\/div><\/div>\n\n\n\n<p><br><\/p>\n\n\n\n<figure class=\"wp-block-image size-full is-resized\"><a href=\"https:\/\/www.cime.cz\/\" target=\"_blank\" rel=\"noreferrer noopener\"><img loading=\"lazy\" decoding=\"async\" width=\"381\" height=\"132\" src=\"https:\/\/expolesnilom.cz\/wp-content\/uploads\/2023\/06\/cime.png\" alt=\"\" class=\"wp-image-854\" style=\"width:221px;height:77px\" srcset=\"https:\/\/expolesnilom.cz\/wp-content\/uploads\/2023\/06\/cime.png 381w, https:\/\/expolesnilom.cz\/wp-content\/uploads\/2023\/06\/cime-300x104.png 300w, https:\/\/expolesnilom.cz\/wp-content\/uploads\/2023\/06\/cime-18x6.png 18w\" sizes=\"auto, (max-width: 381px) 100vw, 381px\" \/><\/a><\/figure>\n\n\n\n<p><br><\/p>\n\n\n\n<h1 class=\"wp-block-heading has-text-align-center\" style=\"font-size:22px\"><strong>EXPO Lesn\u00ed lom 2023 was held under the auspices of:<\/strong><\/h1>\n\n\n\n<figure class=\"wp-block-image size-large is-resized\"><img loading=\"lazy\" decoding=\"async\" width=\"1024\" height=\"547\" src=\"https:\/\/expolesnilom.cz\/wp-content\/uploads\/2023\/04\/mpo-logo-1024x547.jpg\" alt=\"\" class=\"wp-image-785\" style=\"width:400px\" srcset=\"https:\/\/expolesnilom.cz\/wp-content\/uploads\/2023\/04\/mpo-logo-1024x547.jpg 1024w, https:\/\/expolesnilom.cz\/wp-content\/uploads\/2023\/04\/mpo-logo-300x160.jpg 300w, https:\/\/expolesnilom.cz\/wp-content\/uploads\/2023\/04\/mpo-logo-768x410.jpg 768w, https:\/\/expolesnilom.cz\/wp-content\/uploads\/2023\/04\/mpo-logo-18x10.jpg 18w, https:\/\/expolesnilom.cz\/wp-content\/uploads\/2023\/04\/mpo-logo.jpg 1281w\" sizes=\"auto, (max-width: 1024px) 100vw, 1024px\" \/><\/figure>\n\n\n\n<p><br><\/p>\n\n\n\n<figure class=\"wp-block-image size-full is-resized\"><a href=\"https:\/\/www.mdcr.cz\/\" target=\"_blank\" rel=\"noreferrer noopener\"><img loading=\"lazy\" decoding=\"async\" width=\"1010\" height=\"252\" src=\"https:\/\/expolesnilom.cz\/wp-content\/uploads\/2023\/04\/mdcr.png\" alt=\"\" class=\"wp-image-781\" style=\"width:401px;height:100px\" srcset=\"https:\/\/expolesnilom.cz\/wp-content\/uploads\/2023\/04\/mdcr.png 1010w, https:\/\/expolesnilom.cz\/wp-content\/uploads\/2023\/04\/mdcr-300x75.png 300w, https:\/\/expolesnilom.cz\/wp-content\/uploads\/2023\/04\/mdcr-768x192.png 768w, https:\/\/expolesnilom.cz\/wp-content\/uploads\/2023\/04\/mdcr-18x4.png 18w\" sizes=\"auto, (max-width: 1010px) 100vw, 1010px\" \/><\/a><\/figure>\n\n\n\n<p><br><\/p>\n\n\n\n<figure class=\"wp-block-image size-large is-resized\"><a href=\"https:\/\/www.jmk.cz\/\" target=\"_blank\" rel=\"noreferrer noopener\"><img loading=\"lazy\" decoding=\"async\" width=\"1024\" height=\"245\" src=\"https:\/\/expolesnilom.cz\/wp-content\/uploads\/2023\/03\/Logotyp_jihomoravsky_kraj_RGB-1024x245.jpg\" alt=\"\" class=\"wp-image-695\" style=\"width:512px;height:123px\" srcset=\"https:\/\/expolesnilom.cz\/wp-content\/uploads\/2023\/03\/Logotyp_jihomoravsky_kraj_RGB-1024x245.jpg 1024w, https:\/\/expolesnilom.cz\/wp-content\/uploads\/2023\/03\/Logotyp_jihomoravsky_kraj_RGB-300x72.jpg 300w, https:\/\/expolesnilom.cz\/wp-content\/uploads\/2023\/03\/Logotyp_jihomoravsky_kraj_RGB-768x184.jpg 768w, https:\/\/expolesnilom.cz\/wp-content\/uploads\/2023\/03\/Logotyp_jihomoravsky_kraj_RGB-1536x368.jpg 1536w, https:\/\/expolesnilom.cz\/wp-content\/uploads\/2023\/03\/Logotyp_jihomoravsky_kraj_RGB-2048x490.jpg 2048w, https:\/\/expolesnilom.cz\/wp-content\/uploads\/2023\/03\/Logotyp_jihomoravsky_kraj_RGB-18x4.jpg 18w\" sizes=\"auto, (max-width: 1024px) 100vw, 1024px\" \/><\/a><\/figure>\n\n\n\n<figure class=\"wp-block-image size-large is-resized\"><a href=\"https:\/\/www.brno.cz\/\" target=\"_blank\" rel=\"noreferrer noopener\"><img loading=\"lazy\" decoding=\"async\" width=\"1024\" height=\"488\" src=\"https:\/\/expolesnilom.cz\/wp-content\/uploads\/2023\/04\/logo-brno-1024x488.jpg\" alt=\"\" class=\"wp-image-792\" style=\"width:388px;height:185px\" srcset=\"https:\/\/expolesnilom.cz\/wp-content\/uploads\/2023\/04\/logo-brno-1024x488.jpg 1024w, https:\/\/expolesnilom.cz\/wp-content\/uploads\/2023\/04\/logo-brno-300x143.jpg 300w, https:\/\/expolesnilom.cz\/wp-content\/uploads\/2023\/04\/logo-brno-768x366.jpg 768w, https:\/\/expolesnilom.cz\/wp-content\/uploads\/2023\/04\/logo-brno-18x9.jpg 18w, https:\/\/expolesnilom.cz\/wp-content\/uploads\/2023\/04\/logo-brno.jpg 1112w\" sizes=\"auto, (max-width: 1024px) 100vw, 1024px\" \/><\/a><\/figure>\n\n\n\n<figure class=\"wp-block-image size-full\"><a href=\"https:\/\/www.msk.cz\/\" target=\"_blank\" rel=\"noreferrer noopener\"><img loading=\"lazy\" decoding=\"async\" width=\"340\" height=\"104\" src=\"https:\/\/expolesnilom.cz\/wp-content\/uploads\/2023\/05\/logo_msk.jpg\" alt=\"\" class=\"wp-image-797\" srcset=\"https:\/\/expolesnilom.cz\/wp-content\/uploads\/2023\/05\/logo_msk.jpg 340w, https:\/\/expolesnilom.cz\/wp-content\/uploads\/2023\/05\/logo_msk-300x92.jpg 300w, https:\/\/expolesnilom.cz\/wp-content\/uploads\/2023\/05\/logo_msk-18x6.jpg 18w\" sizes=\"auto, (max-width: 340px) 100vw, 340px\" \/><\/a><\/figure>\n\n\n\n<p><br><br><\/p>\n\n\n\n<figure class=\"wp-block-image size-full is-resized\"><a href=\"http:\/\/www.cbusbs.cz\/cs\/cbu-praha\" target=\"_blank\" rel=\"noreferrer noopener\"><img loading=\"lazy\" decoding=\"async\" width=\"600\" height=\"338\" src=\"https:\/\/expolesnilom.cz\/wp-content\/uploads\/2023\/03\/Znak-SBS.jpg\" alt=\"\" class=\"wp-image-696\" style=\"width:150px;height:85px\" srcset=\"https:\/\/expolesnilom.cz\/wp-content\/uploads\/2023\/03\/Znak-SBS.jpg 600w, https:\/\/expolesnilom.cz\/wp-content\/uploads\/2023\/03\/Znak-SBS-300x169.jpg 300w, https:\/\/expolesnilom.cz\/wp-content\/uploads\/2023\/03\/Znak-SBS-18x10.jpg 18w\" sizes=\"auto, (max-width: 600px) 100vw, 600px\" \/><\/a><figcaption class=\"wp-element-caption\">\u010cesk\u00fd b\u00e1\u0148sk\u00fd \u00fa\u0159ad<\/figcaption><\/figure>\n\n\n\n<p><\/p>","protected":false},"excerpt":{"rendered":"<p>\u00a0 Hlavn\u00ed partner 13. ro\u010dn\u00edku: Partne\u0159i veletrhu: Veletrh EXPO Lesn\u00ed lom 2023 se konal pod z\u00e1\u0161titou:<\/p>","protected":false},"author":1,"featured_media":0,"parent":0,"menu_order":0,"comment_status":"closed","ping_status":"closed","template":"page-templates\/no-sidebar.php","meta":{"footnotes":""},"class_list":["post-44","page","type-page","status-publish","hentry"],"_links":{"self":[{"href":"https:\/\/expolesnilom.cz\/en\/wp-json\/wp\/v2\/pages\/44","targetHints":{"allow":["GET"]}}],"collection":[{"href":"https:\/\/expolesnilom.cz\/en\/wp-json\/wp\/v2\/pages"}],"about":[{"href":"https:\/\/expolesnilom.cz\/en\/wp-json\/wp\/v2\/types\/page"}],"author":[{"embeddable":true,"href":"https:\/\/expolesnilom.cz\/en\/wp-json\/wp\/v2\/users\/1"}],"replies":[{"embeddable":true,"href":"https:\/\/expolesnilom.cz\/en\/wp-json\/wp\/v2\/comments?post=44"}],"version-history":[{"count":134,"href":"https:\/\/expolesnilom.cz\/en\/wp-json\/wp\/v2\/pages\/44\/revisions"}],"predecessor-version":[{"id":1031,"href":"https:\/\/expolesnilom.cz\/en\/wp-json\/wp\/v2\/pages\/44\/revisions\/1031"}],"wp:attachment":[{"href":"https:\/\/expolesnilom.cz\/en\/wp-json\/wp\/v2\/media?parent=44"}],"curies":[{"name":"wp","href":"https:\/\/api.w.org\/{rel}","templated":true}]}}