{"id":100,"date":"2021-03-19T11:58:51","date_gmt":"2021-03-19T10:58:51","guid":{"rendered":"http:\/\/pure.dobranalada.cz\/?page_id=100"},"modified":"2022-12-22T13:24:43","modified_gmt":"2022-12-22T12:24:43","slug":"seznam-vystavovatelu-2016","status":"publish","type":"page","link":"https:\/\/expolesnilom.cz\/en\/44-2\/predchozi-rocniky\/expo-mokra-2016\/seznam-vystavovatelu-2016\/","title":{"rendered":"List of exhibitors 2016"},"content":{"rendered":"<p>ABRASERVICE CZ s.r.o.<br>ACHENBACH-CZ, s.r.o.<br>AMG-Karel P\u00edcha, s.r.o.<br>Asociace pro rozvoj a recyklace staveb.mater. v \u010cR<br>Atlas Copco s.r.o.<br>AUSTRO Baumaschinen s.r.o.<br>Avistech s.r.o.<br>Badger Meter Czech Republic s.r.o.<br>Bagry.cz<br>Betonserver.cz<br>Binder+Co Aa<br>Blatensk\u00e9 stroj\u00edrny Blatn\u00e1 s.r.o.<br>BONAP-ICCZ s.r.o.<br>Bridgestone CR s.r.o.<br>BuildInfo<br>CAB minerals s.r.o.<br>Cernin s.r.o.<br>CIME-bau s.r.o.<br>Continental Barum s.r.o.<br>Continental Matador Rubber s.r.o.<br>Cummins Czech Republic s.r.o.<br>CZ SCREEN s.r.o.<br>\u010cEMAT trading spol.s.r.o.<br>Davon s.r.o.<br>Delta HL spol.s.r.o.<br>Dimont HDX s.r.o.<br>DRAVE Technology s.r.o.<br>DSP P\u0159erov spol. s.r.o.<br>EnviWeb s.r.o.<br>Euro SITEX s.r.o.<br>EUROBELT a.s. Bratislava<br>FKM s.r.o.<br>FRUTIGER CZ s.r.o.<br>FTT WOLBROM S.A.<br>Gama ocel spol. s.r.o.<br>G\u00f3rnictwo odkrywkowe<br>GP Gesteins-Perspektiven<br>HEICO Czech s.r.o.<br>HENKEL \u010cR, spol. s.r.o.<br>HO\u0160EK TRADE s.r.o.<br>Industrial Motors s.r.o.<br>In\u017een\u00fdrsk\u00e9 stavby (Jaga Media, s.r.o.)<br>ISENMANN CZECH s.r.o.<br>ISUZU Moravia<br>Jakos, spol. s.r.o.<br>Keestrack drvi\u010de+triedi\u010de s.r.o.<br>KOOL TRADING, spol. s.r.o.<br>KSK \u2013 BELT, a.s.<br>KUHN BOHEMIA a.s.<br>Media Hill, s.r.o.<br>Lomy a t\u011b\u017eba<br>MAGAZ\u00cdN Stroje a mechaniz\u00e1cia<br>Magotteaux S.A.S.<br>Majicap S.A.<br>Mands International s.r.o.<br>Martin Duba<br>MDE-Tec s.r.o.<br>Menzi Muck Slovakia, a.s.<br>METALPORT, s.r.o.<br>Metso Czech Republic a.r.o.<br>MITAS a.s.<br>MOTOR \u2013 GEAR a.s.<br>M-Technik, s.r.o.<br>ND LOR Uni\u010dov a.s.<br>Net spol. s r.o.<br>NOEN, a.s.<br>Noka AC s.r.o.<br>NOSRETI a.s.<br>O L P E plus, spol. s.r.o.<br>pewag Czech s.r.o.<br>PKS servis spol. s.r.o.<br>Powerscreen \u010cR s.r.o.<br>PRECIA MOLEN CZ s.r.o.<br>Pro Sand Engineering, s.r.o.<br>PROPNEU, s.r.o.<br>PSP Engineering a.s.<br>REMA TIP TOP INCO-CZ spol.s.r.o.<br>RENOMAG spol. s.r.o.<br>RESTA s.r.o.<br>Rocktech, s.r.o.<br>Rost Group s.r.o.<br>RVS Chodov, s.r.o.<br>\u0158et\u011bz\u00e1rna a.s.<br>SANDROCK, s.r.o.<br>SAVA TRADE spol. s.r.o.<br>Screen servis spol. s.r.o.<br>Sdru\u017een\u00ed pro v\u00fdstavbu silnic Praha<br>SEW-EURODRIVE CZ s.r.o.<br>Slovensk\u00e9 zdru\u017eenie v\u00fdrobcov kameniva<br>Stavebn\u00ed a investorsk\u00e9 noviny<br>Stavebn\u00ed technika Vega s.r.o.<br>STAVEBNISERVER.COM<br>StreamTech.tv<br>Stroj\u00edrny Podzimek, s.r.o.<br>St\u0159edn\u00ed pr\u016fmyslov\u00e1 \u0161kola kamenick\u00e1 a socha\u0159sk\u00e1<br>STZ-servis a.s.<br>SUZ \u2013 welding, s.r.o.<br>T+T Technika a trh<br>TAMTRON s.r.o.<br>TATRA TRUCKS a.s.<br>TECHKON s.r.o.<br>TENZOV\u00c1HY, s.r.o.<br>TGE Transmission s.r.o.<br>TITAN GS s.r.o.<br>TRADE NEWS<br>TRANSROLL \u2013 CZ, a.s.<br>TRIGA \u2013 MF, spol s.r.o.<br>UHL\u00cd, RUDY, GEOLOGICK\u00dd PR\u016eZKUM<br>UTILCELL, s.r.o.<br>Upvision s.r.o.<br>VAHY PRO s.r.o.<br>Ventilex<br>VETRA International s.r.o.<br>VOMET spol. s.r.o.<br>VS-MONT s.r.o.<br>VTN Europe<br>VVV Most spol s.r.o.<br>Weir Minerals Czech &amp; Slovak<br>Winfa s.r.o.<br>ZAM-SERVIS s.r.o.<br>Zdru\u017eenie ban\u00edck\u00fdch spolkov a cechov Slovenska<\/p>","protected":false},"excerpt":{"rendered":"<p>ABRASERVICE CZ s.r.o.ACHENBACH-CZ, s.r.o.AMG-Karel P\u00edcha, s.r.o.Asociace pro rozvoj a recyklace staveb.mater. v \u010cRAtlas Copco s.r.o.AUSTRO Baumaschinen s.r.o.Avistech s.r.o.Badger Meter Czech Republic s.r.o.Bagry.czBetonserver.czBinder+Co AaBlatensk\u00e9 stroj\u00edrny Blatn\u00e1 s.r.o.BONAP-ICCZ s.r.o.Bridgestone CR s.r.o.BuildInfoCAB minerals s.r.o.Cernin s.r.o.CIME-bau s.r.o.Continental Barum s.r.o.Continental Matador Rubber s.r.o.Cummins Czech Republic s.r.o.CZ SCREEN s.r.o.\u010cEMAT trading spol.s.r.o.Davon s.r.o.Delta HL spol.s.r.o.Dimont HDX s.r.o.DRAVE Technology s.r.o.DSP P\u0159erov spol. s.r.o.EnviWeb [&hellip;]<\/p>","protected":false},"author":1,"featured_media":0,"parent":97,"menu_order":0,"comment_status":"closed","ping_status":"closed","template":"page-templates\/no-sidebar.php","meta":{"footnotes":""},"class_list":["post-100","page","type-page","status-publish","hentry"],"_links":{"self":[{"href":"https:\/\/expolesnilom.cz\/en\/wp-json\/wp\/v2\/pages\/100","targetHints":{"allow":["GET"]}}],"collection":[{"href":"https:\/\/expolesnilom.cz\/en\/wp-json\/wp\/v2\/pages"}],"about":[{"href":"https:\/\/expolesnilom.cz\/en\/wp-json\/wp\/v2\/types\/page"}],"author":[{"embeddable":true,"href":"https:\/\/expolesnilom.cz\/en\/wp-json\/wp\/v2\/users\/1"}],"replies":[{"embeddable":true,"href":"https:\/\/expolesnilom.cz\/en\/wp-json\/wp\/v2\/comments?post=100"}],"version-history":[{"count":1,"href":"https:\/\/expolesnilom.cz\/en\/wp-json\/wp\/v2\/pages\/100\/revisions"}],"predecessor-version":[{"id":101,"href":"https:\/\/expolesnilom.cz\/en\/wp-json\/wp\/v2\/pages\/100\/revisions\/101"}],"up":[{"embeddable":true,"href":"https:\/\/expolesnilom.cz\/en\/wp-json\/wp\/v2\/pages\/97"}],"wp:attachment":[{"href":"https:\/\/expolesnilom.cz\/en\/wp-json\/wp\/v2\/media?parent=100"}],"curies":[{"name":"wp","href":"https:\/\/api.w.org\/{rel}","templated":true}]}}